{"id":1643,"date":"2025-06-09T19:36:47","date_gmt":"2025-06-09T22:36:47","guid":{"rendered":"https:\/\/colegionocedal.cl\/alumni\/?page_id=1643"},"modified":"2025-06-18T21:33:48","modified_gmt":"2025-06-19T00:33:48","slug":"emprendimientos","status":"publish","type":"page","link":"https:\/\/colegionocedal.cl\/alumni\/emprendimientos\/","title":{"rendered":"Emprendimientos"},"content":{"rendered":"\t\t<div data-elementor-type=\"wp-page\" data-elementor-id=\"1643\" class=\"elementor elementor-1643\">\n\t\t\t\t\t\t<section class=\"elementor-section elementor-top-section elementor-element elementor-element-31fb8208 elementor-section-content-middle elementor-section-full_width elementor-section-height-default elementor-section-height-default\" data-id=\"31fb8208\" data-element_type=\"section\" data-e-type=\"section\" data-settings=\"{&quot;background_background&quot;:&quot;classic&quot;}\">\n\t\t\t\t\t\t<div class=\"elementor-container elementor-column-gap-no\">\n\t\t\t\t\t<div class=\"elementor-column elementor-col-50 elementor-top-column elementor-element elementor-element-3342d90a\" data-id=\"3342d90a\" data-element_type=\"column\" data-e-type=\"column\">\n\t\t\t<div class=\"elementor-widget-wrap elementor-element-populated\">\n\t\t\t\t\t\t<div class=\"elementor-element elementor-element-39fd8ed1 elementor-widget__width-initial elementor-widget elementor-widget-heading\" data-id=\"39fd8ed1\" data-element_type=\"widget\" data-e-type=\"widget\" data-widget_type=\"heading.default\">\n\t\t\t\t<div class=\"elementor-widget-container\">\n\t\t\t\t\t<h2 class=\"elementor-heading-title elementor-size-default\"><span lang=\"ES-TRAD\" style=\"font-style: normal;font-weight: 400;font-size: 12pt;font-family: Calibri, sans-serif\">METFY TELECOM<\/span><\/h2>\t\t\t\t<\/div>\n\t\t\t\t<\/div>\n\t\t\t\t<div class=\"elementor-element elementor-element-603772ac elementor-widget elementor-widget-text-editor\" data-id=\"603772ac\" data-element_type=\"widget\" data-e-type=\"widget\" data-widget_type=\"text-editor.default\">\n\t\t\t\t<div class=\"elementor-widget-container\">\n\t\t\t\t\t\t\t\t\t<p>Ofrecemos servicios de Internet de alta calidad, automatizaci\u00f3n para ISP, y con <strong>CompuCloud<\/strong>, entregamos un computador en la nube incluido al contratar nuestro Internet empresarial.<\/p>\t\t\t\t\t\t\t\t<\/div>\n\t\t\t\t<\/div>\n\t\t\t\t\t<\/div>\n\t\t<\/div>\n\t\t\t\t<div class=\"elementor-column elementor-col-50 elementor-top-column elementor-element elementor-element-21a9a816\" data-id=\"21a9a816\" data-element_type=\"column\" data-e-type=\"column\">\n\t\t\t<div class=\"elementor-widget-wrap elementor-element-populated\">\n\t\t\t\t\t\t<div class=\"elementor-element elementor-element-3362b89e elementor-widget elementor-widget-image\" data-id=\"3362b89e\" data-element_type=\"widget\" data-e-type=\"widget\" data-widget_type=\"image.default\">\n\t\t\t\t<div class=\"elementor-widget-container\">\n\t\t\t\t\t\t\t\t\t\t\t\t\t\t\t\t<a href=\"https:\/\/metfy.cl\/\" target=\"_blank\">\n\t\t\t\t\t\t\t<img fetchpriority=\"high\" decoding=\"async\" width=\"900\" height=\"990\" src=\"https:\/\/colegionocedal.cl\/alumni\/wp-content\/uploads\/2025\/06\/metfy-931x1024.png\" class=\"attachment-large size-large wp-image-1653\" alt=\"\" srcset=\"https:\/\/colegionocedal.cl\/alumni\/wp-content\/uploads\/2025\/06\/metfy-931x1024.png 931w, https:\/\/colegionocedal.cl\/alumni\/wp-content\/uploads\/2025\/06\/metfy-273x300.png 273w, https:\/\/colegionocedal.cl\/alumni\/wp-content\/uploads\/2025\/06\/metfy-768x845.png 768w, https:\/\/colegionocedal.cl\/alumni\/wp-content\/uploads\/2025\/06\/metfy-1396x1536.png 1396w, https:\/\/colegionocedal.cl\/alumni\/wp-content\/uploads\/2025\/06\/metfy-1861x2048.png 1861w\" sizes=\"(max-width: 900px) 100vw, 900px\" \/>\t\t\t\t\t\t\t\t<\/a>\n\t\t\t\t\t\t\t\t\t\t\t\t\t\t\t<\/div>\n\t\t\t\t<\/div>\n\t\t\t\t\t<\/div>\n\t\t<\/div>\n\t\t\t\t\t<\/div>\n\t\t<\/section>\n\t\t\t\t<section class=\"elementor-section elementor-top-section elementor-element elementor-element-7cf1f7a7 elementor-section-content-middle elementor-section-full_width elementor-reverse-mobile elementor-section-height-default elementor-section-height-default\" data-id=\"7cf1f7a7\" data-element_type=\"section\" data-e-type=\"section\" data-settings=\"{&quot;background_background&quot;:&quot;classic&quot;}\">\n\t\t\t\t\t\t<div class=\"elementor-container elementor-column-gap-no\">\n\t\t\t\t\t<div class=\"elementor-column elementor-col-50 elementor-top-column elementor-element elementor-element-175d514e\" data-id=\"175d514e\" data-element_type=\"column\" data-e-type=\"column\">\n\t\t\t<div class=\"elementor-widget-wrap elementor-element-populated\">\n\t\t\t\t\t\t<div class=\"elementor-element elementor-element-382069f6 elementor-widget elementor-widget-image\" data-id=\"382069f6\" data-element_type=\"widget\" data-e-type=\"widget\" data-widget_type=\"image.default\">\n\t\t\t\t<div class=\"elementor-widget-container\">\n\t\t\t\t\t\t\t\t\t\t\t\t\t\t\t\t<a href=\"https:\/\/ehautomatizacion.apanio.store\/\" target=\"_blank\">\n\t\t\t\t\t\t\t<img decoding=\"async\" width=\"189\" height=\"265\" src=\"https:\/\/colegionocedal.cl\/alumni\/wp-content\/uploads\/2025\/06\/memcontrol.jpeg\" class=\"attachment-large size-large wp-image-1654\" alt=\"\" \/>\t\t\t\t\t\t\t\t<\/a>\n\t\t\t\t\t\t\t\t\t\t\t\t\t\t\t<\/div>\n\t\t\t\t<\/div>\n\t\t\t\t\t<\/div>\n\t\t<\/div>\n\t\t\t\t<div class=\"elementor-column elementor-col-50 elementor-top-column elementor-element elementor-element-66d00496\" data-id=\"66d00496\" data-element_type=\"column\" data-e-type=\"column\">\n\t\t\t<div class=\"elementor-widget-wrap elementor-element-populated\">\n\t\t\t\t\t\t<div class=\"elementor-element elementor-element-6e8258dd elementor-widget__width-initial elementor-widget elementor-widget-heading\" data-id=\"6e8258dd\" data-element_type=\"widget\" data-e-type=\"widget\" data-widget_type=\"heading.default\">\n\t\t\t\t<div class=\"elementor-widget-container\">\n\t\t\t\t\t<h2 class=\"elementor-heading-title elementor-size-default\">MEM Control<\/h2>\t\t\t\t<\/div>\n\t\t\t\t<\/div>\n\t\t\t\t<div class=\"elementor-element elementor-element-514fafa4 elementor-widget elementor-widget-text-editor\" data-id=\"514fafa4\" data-element_type=\"widget\" data-e-type=\"widget\" data-widget_type=\"text-editor.default\">\n\t\t\t\t<div class=\"elementor-widget-container\">\n\t\t\t\t\t\t\t\t\t<p>Damos soluciones en <strong>Electricidad, Dom\u00f3tica y Automatizaci\u00f3n Industrial<\/strong>. Nos dedicamos a entregar un servicio t\u00e9cnico integral, desde la asesor\u00eda y dise\u00f1o, hasta la implementaci\u00f3n y puesta en marcha de sistemas el\u00e9ctricos y de automatizaci\u00f3n, tanto en entornos residenciales como industriales.<\/p>\t\t\t\t\t\t\t\t<\/div>\n\t\t\t\t<\/div>\n\t\t\t\t\t<\/div>\n\t\t<\/div>\n\t\t\t\t\t<\/div>\n\t\t<\/section>\n\t\t\t\t<section class=\"elementor-section elementor-top-section elementor-element elementor-element-f856f76 elementor-section-content-middle elementor-section-full_width elementor-section-height-default elementor-section-height-default\" data-id=\"f856f76\" data-element_type=\"section\" data-e-type=\"section\" data-settings=\"{&quot;background_background&quot;:&quot;classic&quot;}\">\n\t\t\t\t\t\t<div class=\"elementor-container elementor-column-gap-no\">\n\t\t\t\t\t<div class=\"elementor-column elementor-col-50 elementor-top-column elementor-element elementor-element-746a59d\" data-id=\"746a59d\" data-element_type=\"column\" data-e-type=\"column\">\n\t\t\t<div class=\"elementor-widget-wrap elementor-element-populated\">\n\t\t\t\t\t\t<div class=\"elementor-element elementor-element-e6e420d elementor-widget__width-initial elementor-widget elementor-widget-heading\" data-id=\"e6e420d\" data-element_type=\"widget\" data-e-type=\"widget\" data-widget_type=\"heading.default\">\n\t\t\t\t<div class=\"elementor-widget-container\">\n\t\t\t\t\t<h2 class=\"elementor-heading-title elementor-size-default\"><span lang=\"ES-TRAD\" style=\"font-style: normal;font-weight: 400;font-size: 12pt;font-family: Calibri, sans-serif\">BOMBAS MANT<\/span><\/h2>\t\t\t\t<\/div>\n\t\t\t\t<\/div>\n\t\t\t\t<div class=\"elementor-element elementor-element-3911ed5 elementor-widget elementor-widget-text-editor\" data-id=\"3911ed5\" data-element_type=\"widget\" data-e-type=\"widget\" data-widget_type=\"text-editor.default\">\n\t\t\t\t<div class=\"elementor-widget-container\">\n\t\t\t\t\t\t\t\t\t<p>Empresa en crecimiento con m\u00e1s de 10 a\u00f1os de experiencia en mantenimiento de salas de bombas, salas de calderas, extractores de aire, cambio de medidores, cambio de reguladoras de presi\u00f3n, entre otros.<\/p>\t\t\t\t\t\t\t\t<\/div>\n\t\t\t\t<\/div>\n\t\t\t\t\t<\/div>\n\t\t<\/div>\n\t\t\t\t<div class=\"elementor-column elementor-col-50 elementor-top-column elementor-element elementor-element-53ca571\" data-id=\"53ca571\" data-element_type=\"column\" data-e-type=\"column\">\n\t\t\t<div class=\"elementor-widget-wrap elementor-element-populated\">\n\t\t\t\t\t\t<div class=\"elementor-element elementor-element-6d7f200 elementor-widget elementor-widget-image\" data-id=\"6d7f200\" data-element_type=\"widget\" data-e-type=\"widget\" data-widget_type=\"image.default\">\n\t\t\t\t<div class=\"elementor-widget-container\">\n\t\t\t\t\t\t\t\t\t\t\t\t\t\t\t\t<a href=\"https:\/\/colegionocedal.cl\/alumni\/wp-content\/uploads\/2025\/06\/Captura-de-pantalla-2025-06-18-a-las-7.37.12\u202fp.-m-1-scaled-e1750290263579.png\" data-elementor-open-lightbox=\"yes\" data-elementor-lightbox-title=\"Bombas MANT 2\" data-e-action-hash=\"#elementor-action%3Aaction%3Dlightbox%26settings%3DeyJpZCI6MTcxMSwidXJsIjoiaHR0cHM6XC9cL2NvbGVnaW9ub2NlZGFsLmNsXC9hbHVtbmlcL3dwLWNvbnRlbnRcL3VwbG9hZHNcLzIwMjVcLzA2XC9DYXB0dXJhLWRlLXBhbnRhbGxhLTIwMjUtMDYtMTgtYS1sYXMtNy4zNy4xMlx1MjAyZnAuLW0tMS1zY2FsZWQtZTE3NTAyOTAyNjM1NzkucG5nIn0%3D\">\n\t\t\t\t\t\t\t<img decoding=\"async\" width=\"180\" height=\"200\" src=\"https:\/\/colegionocedal.cl\/alumni\/wp-content\/uploads\/2025\/06\/Captura-de-pantalla-2025-06-18-a-las-7.37.12\u202fp.-m-1-scaled-e1750290263579.png\" class=\"attachment-full size-full wp-image-1711\" alt=\"\" \/>\t\t\t\t\t\t\t\t<\/a>\n\t\t\t\t\t\t\t\t\t\t\t\t\t\t\t<\/div>\n\t\t\t\t<\/div>\n\t\t\t\t\t<\/div>\n\t\t<\/div>\n\t\t\t\t\t<\/div>\n\t\t<\/section>\n\t\t\t\t<section class=\"elementor-section elementor-top-section elementor-element elementor-element-79de59ef elementor-section-content-middle elementor-section-full_width elementor-section-height-default elementor-section-height-default\" data-id=\"79de59ef\" data-element_type=\"section\" data-e-type=\"section\" data-settings=\"{&quot;background_background&quot;:&quot;classic&quot;}\">\n\t\t\t\t\t\t<div class=\"elementor-container elementor-column-gap-no\">\n\t\t\t\t\t<div class=\"elementor-column elementor-col-50 elementor-top-column elementor-element elementor-element-6470d89d\" data-id=\"6470d89d\" data-element_type=\"column\" data-e-type=\"column\">\n\t\t\t<div class=\"elementor-widget-wrap elementor-element-populated\">\n\t\t\t\t\t\t<div class=\"elementor-element elementor-element-5d2ec45 elementor-widget elementor-widget-heading\" data-id=\"5d2ec45\" data-element_type=\"widget\" data-e-type=\"widget\" data-widget_type=\"heading.default\">\n\t\t\t\t<div class=\"elementor-widget-container\">\n\t\t\t\t\t<h2 class=\"elementor-heading-title elementor-size-default\">FALTA TU EMPRENDIMIENTO<\/h2>\t\t\t\t<\/div>\n\t\t\t\t<\/div>\n\t\t\t\t\t<\/div>\n\t\t<\/div>\n\t\t\t\t<div class=\"elementor-column elementor-col-50 elementor-top-column elementor-element elementor-element-314e716\" data-id=\"314e716\" data-element_type=\"column\" data-e-type=\"column\">\n\t\t\t<div class=\"elementor-widget-wrap elementor-element-populated\">\n\t\t\t\t\t\t<div class=\"elementor-element elementor-element-25ad70c9 elementor-widget elementor-widget-image\" data-id=\"25ad70c9\" data-element_type=\"widget\" data-e-type=\"widget\" data-widget_type=\"image.default\">\n\t\t\t\t<div class=\"elementor-widget-container\">\n\t\t\t\t\t\t\t\t\t\t\t\t\t\t\t<img loading=\"lazy\" decoding=\"async\" width=\"900\" height=\"600\" src=\"https:\/\/colegionocedal.cl\/alumni\/wp-content\/uploads\/2025\/06\/197-1971207_te-buscamos-1.jpg\" class=\"attachment-large size-large wp-image-1684\" alt=\"\" srcset=\"https:\/\/colegionocedal.cl\/alumni\/wp-content\/uploads\/2025\/06\/197-1971207_te-buscamos-1.jpg 1000w, https:\/\/colegionocedal.cl\/alumni\/wp-content\/uploads\/2025\/06\/197-1971207_te-buscamos-1-300x200.jpg 300w, https:\/\/colegionocedal.cl\/alumni\/wp-content\/uploads\/2025\/06\/197-1971207_te-buscamos-1-768x512.jpg 768w\" sizes=\"(max-width: 900px) 100vw, 900px\" \/>\t\t\t\t\t\t\t\t\t\t\t\t\t\t\t<\/div>\n\t\t\t\t<\/div>\n\t\t\t\t\t<\/div>\n\t\t<\/div>\n\t\t\t\t\t<\/div>\n\t\t<\/section>\n\t\t\t\t<section class=\"elementor-section elementor-top-section elementor-element elementor-element-9d10d70 elementor-section-boxed elementor-section-height-default elementor-section-height-default\" data-id=\"9d10d70\" data-element_type=\"section\" data-e-type=\"section\">\n\t\t\t\t\t\t<div class=\"elementor-container elementor-column-gap-default\">\n\t\t\t\t\t<div class=\"elementor-column elementor-col-100 elementor-top-column elementor-element elementor-element-5b2989b\" data-id=\"5b2989b\" data-element_type=\"column\" data-e-type=\"column\">\n\t\t\t<div class=\"elementor-widget-wrap elementor-element-populated\">\n\t\t\t\t\t\t<div class=\"elementor-element elementor-element-63bc59e elementor-widget elementor-widget-text-editor\" data-id=\"63bc59e\" data-element_type=\"widget\" data-e-type=\"widget\" data-widget_type=\"text-editor.default\">\n\t\t\t\t<div class=\"elementor-widget-container\">\n\t\t\t\t\t\t\t\t\t<p style=\"text-align: center;\">Escr\u00edbenos al mail exalumnosnocedal@colegionocedal.cl<\/p>\t\t\t\t\t\t\t\t<\/div>\n\t\t\t\t<\/div>\n\t\t\t\t\t<\/div>\n\t\t<\/div>\n\t\t\t\t\t<\/div>\n\t\t<\/section>\n\t\t\t\t<\/div>\n\t\t","protected":false},"excerpt":{"rendered":"METFY TELECOM Ofrecemos servicios de Internet de alta calidad, automatizaci\u00f3n para ISP, y con CompuCloud, entregamos un computador en la nube incluido al contratar nuestro Internet empresarial. MEM Control Damos soluciones en Electricidad, Dom\u00f3tica y Automatizaci\u00f3n Industrial. Nos dedicamos a entregar un servicio t\u00e9cnico integral, desde la asesor\u00eda y dise\u00f1o, hasta la implementaci\u00f3n y puesta [&hellip;]","protected":false},"author":1,"featured_media":0,"parent":0,"menu_order":0,"comment_status":"closed","ping_status":"closed","template":"","meta":{"footnotes":""},"class_list":["post-1643","page","type-page","status-publish","hentry"],"_links":{"self":[{"href":"https:\/\/colegionocedal.cl\/alumni\/wp-json\/wp\/v2\/pages\/1643","targetHints":{"allow":["GET"]}}],"collection":[{"href":"https:\/\/colegionocedal.cl\/alumni\/wp-json\/wp\/v2\/pages"}],"about":[{"href":"https:\/\/colegionocedal.cl\/alumni\/wp-json\/wp\/v2\/types\/page"}],"author":[{"embeddable":true,"href":"https:\/\/colegionocedal.cl\/alumni\/wp-json\/wp\/v2\/users\/1"}],"replies":[{"embeddable":true,"href":"https:\/\/colegionocedal.cl\/alumni\/wp-json\/wp\/v2\/comments?post=1643"}],"version-history":[{"count":57,"href":"https:\/\/colegionocedal.cl\/alumni\/wp-json\/wp\/v2\/pages\/1643\/revisions"}],"predecessor-version":[{"id":1727,"href":"https:\/\/colegionocedal.cl\/alumni\/wp-json\/wp\/v2\/pages\/1643\/revisions\/1727"}],"wp:attachment":[{"href":"https:\/\/colegionocedal.cl\/alumni\/wp-json\/wp\/v2\/media?parent=1643"}],"curies":[{"name":"wp","href":"https:\/\/api.w.org\/{rel}","templated":true}]}}