{"id":1108,"date":"2024-11-11T10:11:49","date_gmt":"2024-11-11T13:11:49","guid":{"rendered":"https:\/\/colegionocedal.cl\/alumni\/?page_id=1108"},"modified":"2024-12-01T20:20:30","modified_gmt":"2024-12-01T23:20:30","slug":"generaciones","status":"publish","type":"page","link":"https:\/\/colegionocedal.cl\/alumni\/generaciones\/","title":{"rendered":"GENERACIONES"},"content":{"rendered":"<code><style>\r\n    body {\r\n        body {\r\n        display: flex;\r\n        justify-content: center;\r\n        align-items: center;\r\n        height: 100vh; \/* Altura completa de la ventana *\/\r\n        margin: 0; \/* Elimina cualquier margen por defecto *\/\r\n    }\r\n\r\n    \/* Estilo para el fondo del pop-up *\/\r\n    .popup-overlay {\r\n        position: fixed;\r\n        top: 0;\r\n        left: 0;\r\n        width: 100%;\r\n        height: 100%;\r\n        background: rgba(0, 0, 0, 0.8);\r\n        display: none; \/* Oculto por defecto *\/\r\n        justify-content: center;\r\n        align-items: center;\r\n    }\r\n\r\n    \/* Contenedor de la imagen *\/\r\n    .popup-content {\r\n        position: relative;\r\n    }\r\n\r\n    .popup-content img {\r\n        max-width: 60%;\r\n        max-height: 60%;\r\n        border-radius: 10px;\r\n    }\r\n\r\n    \/* Bot\u00f3n para cerrar *\/\r\n    .close-btn {\r\n        position: absolute;\r\n        top: 10px;\r\n        right: 10px;\r\n        background: #fff;\r\n        border: none;\r\n        border-radius: 50%;\r\n        width: 30px;\r\n        height: 30px;\r\n        display: flex;\r\n        justify-content: center;\r\n        align-items: center;\r\n        cursor: pointer;\r\n        font-weight: bold;\r\n    }\r\n    .container {\r\n        max-width: 1200px; \/* M\u00e1ximo ancho del contenedor *\/\r\n        width: 100%; \/* Ocupa el 90% del ancho de la pantalla *\/\r\n        margin: 0 auto; \/* Centrar el contenedor *\/\r\n        padding: 15px; \/* Espaciado interno *\/\r\n    }\r\n    \r\n    @media (max-width: 768px) {\r\n        .container {\r\n          width: 95%; \/* Ajustar en pantallas m\u00e1s peque\u00f1as *\/\r\n        }\r\n    }\r\n\r\n    @media (max-width: 480px) {\r\n        .container {\r\n          width: 100%; \/* Ancho completo en pantallas muy peque\u00f1as *\/\r\n          padding: 10px; \/* Menor padding para dispositivos peque\u00f1os *\/\r\n    }\r\n}\r\n<\/style>\r\n<body>\r\n<div class=\"container\">\r\n<!-- Popup para Generaci\u00f3n 2004 -->\r\n<div class=\"popup-overlay\" id=\"popup-2004\">\r\n    <div class=\"popup-content\">\r\n        <button class=\"close-btn\">&times;<\/button>\r\n        <img decoding=\"async\" src=\"https:\/\/colegionocedal.cl\/alumni\/wp-content\/uploads\/2024\/11\/generacion-2004-e1731078607284.jpeg\" alt=\"Generaci\u00f3n 2004\">\r\n    <\/div>\r\n<\/div>\r\n\r\n<a href=\"#\" class=\"btn btn-success open-popup\" data-popup=\"popup-2004\">\r\n    Electr\u00f3nica 2004\r\n<\/a>\r\n\r\n<!-- Popup para Generaci\u00f3n 2005 -->\r\n<div class=\"popup-overlay\" id=\"popup-2005\">\r\n    <div class=\"popup-content\">\r\n        <button class=\"close-btn\">&times;<\/button>\r\n        <img decoding=\"async\" src=\"https:\/\/colegionocedal.cl\/alumni\/wp-content\/uploads\/2024\/11\/generacion-2005-e1731077605826.jpeg\" alt=\"Generaci\u00f3n 2005\">\r\n    <\/div>\r\n<\/div>\r\n\r\n<a href=\"#\" class=\"btn btn-success open-popup\" data-popup=\"popup-2005\">\r\n    Electr\u00f3nica 2005\r\n<\/a>\r\n<br><br>\r\n\r\n<!-- Popup para Generaci\u00f3n 2006 -->\r\n<div class=\"popup-overlay\" id=\"popup-2006\">\r\n    <div class=\"popup-content\">\r\n        <button class=\"close-btn\">&times;<\/button>\r\n        <img decoding=\"async\" src=\"https:\/\/colegionocedal.cl\/alumni\/wp-content\/uploads\/2024\/11\/generacion-2006-e1731077634627.jpeg\" alt=\"Generaci\u00f3n 2006\">\r\n    <\/div>\r\n<\/div>\r\n\r\n<a href=\"#\" class=\"btn btn-success open-popup\" data-popup=\"popup-2006\">\r\n    Electr\u00f3nica 2006\r\n<\/a>\r\n\r\n<div class=\"popup-overlay\" id=\"popup-20062\">\r\n    <div class=\"popup-content\">\r\n        <button class=\"close-btn\">&times;<\/button>\r\n        <img decoding=\"async\" src=\"...\" alt=\"Generaci\u00f3n 2006\">\r\n    <\/div>\r\n<\/div>\r\n\r\n<a href=\"#\" class=\"btn btn-success open-popup\" data-popup=\"popup-20062\">\r\n    Telecomunicaciones 2006\r\n<\/a>\r\n\r\n\r\n<br><br>\r\n<!-- Popup para Generaci\u00f3n 2007 -->\r\n<div class=\"popup-overlay\" id=\"popup-2007\">\r\n    <div class=\"popup-content\">\r\n        <button class=\"close-btn\">&times;<\/button>\r\n        <img decoding=\"async\" src=\"https:\/\/colegionocedal.cl\/alumni\/wp-content\/uploads\/2024\/11\/generacion-2007-electro-e1731077659815.jpeg\" alt=\"Generaci\u00f3n 2007\">\r\n    <\/div>\r\n<\/div>\r\n\r\n<a href=\"#\" class=\"btn btn-success open-popup\" data-popup=\"popup-2007\">\r\n    Electr\u00f3nica 2007\r\n<\/a>\r\n\r\n<div class=\"popup-overlay\" id=\"popup-20072\">\r\n    <div class=\"popup-content\">\r\n        <button class=\"close-btn\">&times;<\/button>\r\n        <img decoding=\"async\" src=\"https:\/\/colegionocedal.cl\/alumni\/wp-content\/uploads\/2024\/11\/generacion-2007-teleco-e1731077682191.jpeg\" alt=\"Generaci\u00f3n 20072\">\r\n    <\/div>\r\n<\/div>\r\n\r\n<a href=\"#\" class=\"btn btn-success open-popup\" data-popup=\"popup-20072\">\r\n    Telecomunicaciones 2007\r\n<\/a>\r\n\r\n<br><br>\r\n\r\n<!-- Popup para Generaci\u00f3n 2008 -->\r\n<div class=\"popup-overlay\" id=\"popup-2008\">\r\n    <div class=\"popup-content\">\r\n        <button class=\"close-btn\">&times;<\/button>\r\n        <img decoding=\"async\" src=\"https:\/\/colegionocedal.cl\/alumni\/wp-content\/uploads\/2024\/11\/generacion-2008-e1731077709260.jpeg\" alt=\"Generaci\u00f3n 2008\">\r\n    <\/div>\r\n<\/div>\r\n\r\n<a href=\"#\" class=\"btn btn-success open-popup\" data-popup=\"popup-2008\">\r\n    Electr\u00f3nica 2008\r\n<\/a>\r\n\r\n<div class=\"popup-overlay\" id=\"popup-2008\">\r\n    <div class=\"popup-content\">\r\n        <button class=\"close-btn\">&times;<\/button>\r\n        <img decoding=\"async\" src=\"...\" alt=\"Generaci\u00f3n 2008\">\r\n    <\/div>\r\n<\/div>\r\n\r\n<a href=\"#\" class=\"btn btn-success open-popup\" data-popup=\"popup-2008\">\r\n    Telecomunicaciones 2008\r\n<\/a>\r\n\r\n<br><br>\r\n\r\n<!-- Popup para Generaci\u00f3n 2009 -->\r\n<div class=\"popup-overlay\" id=\"popup-2009\">\r\n    <div class=\"popup-content\">\r\n        <button class=\"close-btn\">&times;<\/button>\r\n        <img decoding=\"async\" src=\"https:\/\/colegionocedal.cl\/alumni\/wp-content\/uploads\/2024\/11\/generacion-2009-e1731077730546.jpeg\" alt=\"Generaci\u00f3n 2009\">\r\n    <\/div>\r\n<\/div>\r\n\r\n<a href=\"#\" class=\"btn btn-success open-popup\" data-popup=\"popup-2009\">\r\n    Electr\u00f3nica 2009\r\n<\/a>\r\n\r\n<div class=\"popup-overlay\" id=\"popup-2009\">\r\n    <div class=\"popup-content\">\r\n        <button class=\"close-btn\">&times;<\/button>\r\n        <img decoding=\"async\" src=\"...\" alt=\"Generaci\u00f3n 2009\">\r\n    <\/div>\r\n<\/div>\r\n\r\n<a href=\"#\" class=\"btn btn-success open-popup\" data-popup=\"popup-2009\">\r\n    Telecomunicaciones 2009\r\n<\/a>\r\n\r\n\r\n<br><br>\r\n\r\n<!-- Popup para Generaci\u00f3n 2010 -->\r\n<div class=\"popup-overlay\" id=\"popup-2010\">\r\n    <div class=\"popup-content\">\r\n        <button class=\"close-btn\">&times;<\/button>\r\n        <img decoding=\"async\" src=\"https:\/\/colegionocedal.cl\/alumni\/wp-content\/uploads\/2024\/11\/generacion-2010-electro-e1731077756456.jpeg\" alt=\"Generaci\u00f3n 2010\">\r\n    <\/div>\r\n<\/div>\r\n\r\n<a href=\"#\" class=\"btn btn-success open-popup\" data-popup=\"popup-2010\">\r\n    Electr\u00f3nica 2010\r\n<\/a>\r\n\r\n<div class=\"popup-overlay\" id=\"popup-20102\">\r\n    <div class=\"popup-content\">\r\n        <button class=\"close-btn\">&times;<\/button>\r\n        <img decoding=\"async\" src=\"https:\/\/colegionocedal.cl\/alumni\/wp-content\/uploads\/2024\/11\/generacion-2010-teleco-e1731077777639.jpeg\" alt=\"Generaci\u00f3n 20102\">\r\n    <\/div>\r\n<\/div>\r\n\r\n<a href=\"#\" class=\"btn btn-success open-popup\" data-popup=\"popup-20102\">\r\n    Telecomunicaciones 2010\r\n<\/a>\r\n\r\n<br><br>\r\n\r\n<!-- Popup para Generaci\u00f3n 2011-->\r\n<div class=\"popup-overlay\" id=\"popup-2011\">\r\n    <div class=\"popup-content\">\r\n        <button class=\"close-btn\">&times;<\/button>\r\n        <img decoding=\"async\" src=\"...\" alt=\"Generaci\u00f3n 2011\">\r\n    <\/div>\r\n<\/div>\r\n\r\n<a href=\"#\" class=\"btn btn-success open-popup\" data-popup=\"popup-2011\">\r\n    Electr\u00f3nica 2011\r\n<\/a>\r\n\r\n<div class=\"popup-overlay\" id=\"popup-20112\">\r\n    <div class=\"popup-content\">\r\n        <button class=\"close-btn\">&times;<\/button>\r\n        <img decoding=\"async\" src=\"...\" alt=\"Generaci\u00f3n 20112\">\r\n    <\/div>\r\n<\/div>\r\n\r\n<a href=\"#\" class=\"btn btn-success open-popup\" data-popup=\"popup-20112\">\r\n    Telecomunicaciones 2011\r\n<\/a>\r\n\r\n<br><br>\r\n\r\n<!-- Popup para Generaci\u00f3n 2012-->\r\n<div class=\"popup-overlay\" id=\"popup-2012\">\r\n    <div class=\"popup-content\">\r\n        <button class=\"close-btn\">&times;<\/button>\r\n        <img decoding=\"async\" src=\"...\" alt=\"Generaci\u00f3n 2012\">\r\n    <\/div>\r\n<\/div>\r\n\r\n<a href=\"#\" class=\"btn btn-success open-popup\" data-popup=\"popup-2012\">\r\n    Electr\u00f3nica 2012\r\n<\/a>\r\n\r\n<div class=\"popup-overlay\" id=\"popup-20122\">\r\n    <div class=\"popup-content\">\r\n        <button class=\"close-btn\">&times;<\/button>\r\n        <img decoding=\"async\" src=\"...\" alt=\"Generaci\u00f3n 20122\">\r\n    <\/div>\r\n<\/div>\r\n\r\n<a href=\"#\" class=\"btn btn-success open-popup\" data-popup=\"popup-20122\">\r\n    Telecomunicaciones 2012\r\n<\/a>\r\n\r\n<br><br>\r\n\r\n<!-- Popup para Generaci\u00f3n 2013 -->\r\n<div class=\"popup-overlay\" id=\"popup-2013\">\r\n    <div class=\"popup-content\">\r\n        <button class=\"close-btn\">&times;<\/button>\r\n        <img decoding=\"async\" src=\"https:\/\/colegionocedal.cl\/alumni\/wp-content\/uploads\/2024\/11\/generacion-2013-electro-e1731077800399.jpeg\" alt=\"Generaci\u00f3n 2013\">\r\n    <\/div>\r\n<\/div>\r\n\r\n<a href=\"#\" class=\"btn btn-success open-popup\" data-popup=\"popup-2013\">\r\n    Electr\u00f3nica 2013\r\n<\/a>\r\n\r\n<div class=\"popup-overlay\" id=\"popup-20132\">\r\n    <div class=\"popup-content\">\r\n        <button class=\"close-btn\">&times;<\/button>\r\n        <img decoding=\"async\" src=\"https:\/\/colegionocedal.cl\/alumni\/wp-content\/uploads\/2024\/11\/generacion-2013-teleco-e1731077822738.jpeg\" alt=\"Generaci\u00f3n 20132\">\r\n    <\/div>\r\n<\/div>\r\n\r\n<a href=\"#\" class=\"btn btn-success open-popup\" data-popup=\"popup-20132\">\r\n    Telecomunicaciones 2013\r\n<\/a>\r\n\r\n<br><br>\r\n\r\n<!-- Popup para Generaci\u00f3n 2014 -->\r\n<div class=\"popup-overlay\" id=\"popup-2014\">\r\n    <div class=\"popup-content\">\r\n        <button class=\"close-btn\">&times;<\/button>\r\n        <img decoding=\"async\" src=\"https:\/\/colegionocedal.cl\/alumni\/wp-content\/uploads\/2024\/11\/generacion-2014-electro-e1731077849862.jpeg\" alt=\"Generaci\u00f3n 2014\">\r\n    <\/div>\r\n<\/div>\r\n\r\n<a href=\"#\" class=\"btn btn-success open-popup\" data-popup=\"popup-2014\">\r\n    Electr\u00f3nica 2014\r\n<\/a>\r\n\r\n<div class=\"popup-overlay\" id=\"popup-20142\">\r\n    <div class=\"popup-content\">\r\n        <button class=\"close-btn\">&times;<\/button>\r\n        <img decoding=\"async\" src=\"...\" alt=\"Generaci\u00f3n 20142\">\r\n    <\/div>\r\n<\/div>\r\n\r\n<a href=\"#\" class=\"btn btn-success open-popup\" data-popup=\"popup-20142\">\r\n    Telecomunicaciones 2014\r\n<\/a>\r\n\r\n<br><br>\r\n\r\n<!-- Popup para Generaci\u00f3n 2015 -->\r\n<div class=\"popup-overlay\" id=\"popup-2015\">\r\n    <div class=\"popup-content\">\r\n        <button class=\"close-btn\">&times;<\/button>\r\n        <img decoding=\"async\" src=\"https:\/\/colegionocedal.cl\/alumni\/wp-content\/uploads\/2024\/11\/generacion-2015-electro-e1731077868665.jpeg\" alt=\"Generaci\u00f3n 2015\">\r\n    <\/div>\r\n<\/div>\r\n\r\n<a href=\"#\" class=\"btn btn-success open-popup\" data-popup=\"popup-2015\">\r\n    Electr\u00f3nica 2015\r\n<\/a>\r\n\r\n<div class=\"popup-overlay\" id=\"popup-20152\">\r\n    <div class=\"popup-content\">\r\n        <button class=\"close-btn\">&times;<\/button>\r\n        <img decoding=\"async\" src=\"https:\/\/colegionocedal.cl\/alumni\/wp-content\/uploads\/2024\/11\/generacion-2015-electro-e1731077868665.jpeg\" alt=\"Generaci\u00f3n 20152\">\r\n    <\/div>\r\n<\/div>\r\n\r\n<a href=\"#\" class=\"btn btn-success open-popup\" data-popup=\"popup-20152\">\r\n    Telecomunicaciones 2015\r\n<\/a>\r\n\r\n<br><br>\r\n\r\n<!-- Popup para Generaci\u00f3n 2016 -->\r\n<div class=\"popup-overlay\" id=\"popup-2016\">\r\n    <div class=\"popup-content\">\r\n        <button class=\"close-btn\">&times;<\/button>\r\n        <img decoding=\"async\" src=\"https:\/\/colegionocedal.cl\/alumni\/wp-content\/uploads\/2024\/11\/generacion-2015-electro-e1731077868665.jpeg\" alt=\"Generaci\u00f3n 2016\">\r\n    <\/div>\r\n<\/div>\r\n\r\n<a href=\"#\" class=\"btn btn-success open-popup\" data-popup=\"popup-2016\">\r\n    Electr\u00f3nica 2016\r\n<\/a>\r\n\r\n<div class=\"popup-overlay\" id=\"popup-20162\">\r\n    <div class=\"popup-content\">\r\n        <button class=\"close-btn\">&times;<\/button>\r\n        <img decoding=\"async\" src=\"https:\/\/colegionocedal.cl\/alumni\/wp-content\/uploads\/2024\/11\/generacion-2016-teleco-e1731077944147.jpeg\" alt=\"Generaci\u00f3n 20162\">\r\n    <\/div>\r\n<\/div>\r\n\r\n<a href=\"#\" class=\"btn btn-success open-popup\" data-popup=\"popup-20162\">\r\n    Telecomunicaciones 2016\r\n<\/a>\r\n\r\n<br><br>\r\n\r\n<!-- Popup para Generaci\u00f3n 2017 -->\r\n<div class=\"popup-overlay\" id=\"popup-2017\">\r\n    <div class=\"popup-content\">\r\n        <button class=\"close-btn\">&times;<\/button>\r\n        <img decoding=\"async\" src=\"https:\/\/colegionocedal.cl\/alumni\/wp-content\/uploads\/2024\/11\/generacion-2016-teleco-e1731077944147.jpeg\" alt=\"Generaci\u00f3n 2017\">\r\n    <\/div>\r\n<\/div>\r\n\r\n<a href=\"#\" class=\"btn btn-success open-popup\" data-popup=\"popup-2017\">\r\n    Electr\u00f3nica 2017\r\n<\/a>\r\n\r\n<div class=\"popup-overlay\" id=\"popup-20172\">\r\n    <div class=\"popup-content\">\r\n        <button class=\"close-btn\">&times;<\/button>\r\n        <img decoding=\"async\" src=\"https:\/\/colegionocedal.cl\/alumni\/wp-content\/uploads\/2024\/11\/generacion-2017-teleco-e1731077989487.jpeg\" alt=\"Generaci\u00f3n 20172\">\r\n    <\/div>\r\n<\/div>\r\n\r\n<a href=\"#\" class=\"btn btn-success open-popup\" data-popup=\"popup-20172\">\r\n    Telecomunicaciones 2017\r\n<\/a>\r\n\r\n<br><br>\r\n\r\n<!-- Popup para Generaci\u00f3n 2018 -->\r\n<div class=\"popup-overlay\" id=\"popup-2018\">\r\n    <div class=\"popup-content\">\r\n        <button class=\"close-btn\">&times;<\/button>\r\n        <img decoding=\"async\" src=\"https:\/\/colegionocedal.cl\/alumni\/wp-content\/uploads\/2024\/11\/generacion-2017-teleco-e1731077989487.jpeg\" alt=\"Generaci\u00f3n 2018\">\r\n    <\/div>\r\n<\/div>\r\n\r\n<a href=\"#\" class=\"btn btn-success open-popup\" data-popup=\"popup-2018\">\r\n    Electr\u00f3nica 2018\r\n<\/a>\r\n\r\n<div class=\"popup-overlay\" id=\"popup-20182\">\r\n    <div class=\"popup-content\">\r\n        <button class=\"close-btn\">&times;<\/button>\r\n        <img decoding=\"async\" src=\"https:\/\/colegionocedal.cl\/alumni\/wp-content\/uploads\/2024\/11\/generacion-2018-teleco-e1731078035855.jpeg\" alt=\"Generaci\u00f3n 20182\">\r\n    <\/div>\r\n<\/div>\r\n\r\n<a href=\"#\" class=\"btn btn-success open-popup\" data-popup=\"popup-20182\">\r\n    Telecomunicaciones 2018\r\n<\/a>\r\n\r\n<br><br>\r\n\r\n<!-- Popup para Generaci\u00f3n 2019 -->\r\n<div class=\"popup-overlay\" id=\"popup-2019\">\r\n    <div class=\"popup-content\">\r\n        <button class=\"close-btn\">&times;<\/button>\r\n        <img decoding=\"async\" src=\"https:\/\/colegionocedal.cl\/alumni\/wp-content\/uploads\/2024\/11\/generacion-2019-electro-e1731078139136.jpeg\" alt=\"Generaci\u00f3n 2019\">\r\n    <\/div>\r\n<\/div>\r\n\r\n<a href=\"#\" class=\"btn btn-success open-popup\" data-popup=\"popup-2019\">\r\n    Electr\u00f3nica 2019\r\n<\/a>\r\n\r\n<div class=\"popup-overlay\" id=\"popup-20192\">\r\n    <div class=\"popup-content\">\r\n        <button class=\"close-btn\">&times;<\/button>\r\n        <img decoding=\"async\" src=\"https:\/\/colegionocedal.cl\/alumni\/wp-content\/uploads\/2024\/11\/generacion-2019-teleco-e1731078162992.jpeg\" alt=\"Generaci\u00f3n 20192\">\r\n    <\/div>\r\n<\/div>\r\n\r\n<a href=\"#\" class=\"btn btn-success open-popup\" data-popup=\"popup-20192\">\r\n    Telecomunicaciones 2019\r\n<\/a>\r\n\r\n<br><br>\r\n\r\n<!-- Popup para Generaci\u00f3n 2020 -->\r\n<div class=\"popup-overlay\" id=\"popup-2020\">\r\n    <div class=\"popup-content\">\r\n        <button class=\"close-btn\">&times;<\/button>\r\n        <img decoding=\"async\" src=\"https:\/\/colegionocedal.cl\/alumni\/wp-content\/uploads\/2024\/11\/generacion-2020-teleco-e1731078209914.jpeg\" alt=\"Generaci\u00f3n 2020\">\r\n    <\/div>\r\n<\/div>\r\n\r\n<a href=\"#\" class=\"btn btn-success open-popup\" data-popup=\"popup-2020\">\r\n    Electr\u00f3nica 2020\r\n<\/a>\r\n\r\n<div class=\"popup-overlay\" id=\"popup-20202\">\r\n    <div class=\"popup-content\">\r\n        <button class=\"close-btn\">&times;<\/button>\r\n        <img decoding=\"async\" src=\"...\" alt=\"Generaci\u00f3n 20202\">\r\n    <\/div>\r\n<\/div>\r\n\r\n<a href=\"#\" class=\"btn btn-success open-popup\" data-popup=\"popup-20202\">\r\n    Telecomunicaciones 2020\r\n<\/a>\r\n\r\n<br><br>\r\n\r\n<!-- Popup para Generaci\u00f3n 2021 -->\r\n<div class=\"popup-overlay\" id=\"popup-2021\">\r\n    <div class=\"popup-content\">\r\n        <button class=\"close-btn\">&times;<\/button>\r\n        <img decoding=\"async\" src=\"https:\/\/colegionocedal.cl\/alumni\/wp-content\/uploads\/2024\/11\/generacion-2021-electro-e1731078232780.jpeg\" alt=\"Generaci\u00f3n 2021\">\r\n    <\/div>\r\n<\/div>\r\n\r\n<a href=\"#\" class=\"btn btn-success open-popup\" data-popup=\"popup-2021\">\r\n    Electr\u00f3nica 2021\r\n<\/a>\r\n\r\n<div class=\"popup-overlay\" id=\"popup-20212\">\r\n    <div class=\"popup-content\">\r\n        <button class=\"close-btn\">&times;<\/button>\r\n        <img decoding=\"async\" src=\"https:\/\/colegionocedal.cl\/alumni\/wp-content\/uploads\/2024\/11\/generacion-2021-teleco-e1731078257675.jpeg\" alt=\"Generaci\u00f3n 20212\">\r\n    <\/div>\r\n<\/div>\r\n\r\n<a href=\"#\" class=\"btn btn-success open-popup\" data-popup=\"popup-20212\">\r\n    Telecomunicaciones 2021\r\n<\/a>\r\n\r\n<br><br>\r\n\r\n<!-- Popup para Generaci\u00f3n 2022 -->\r\n<div class=\"popup-overlay\" id=\"popup-2022\">\r\n    <div class=\"popup-content\">\r\n        <button class=\"close-btn\">&times;<\/button>\r\n        <img decoding=\"async\" src=\"https:\/\/colegionocedal.cl\/alumni\/wp-content\/uploads\/2024\/11\/generacion-2022-electro-e1731078280834.jpeg\" alt=\"Generaci\u00f3n 2022\">\r\n    <\/div>\r\n<\/div>\r\n\r\n<a href=\"#\" class=\"btn btn-success open-popup\" data-popup=\"popup-2022\">\r\n    Electr\u00f3nica 2022\r\n<\/a>\r\n\r\n<div class=\"popup-overlay\" id=\"popup-20222\">\r\n    <div class=\"popup-content\">\r\n        <button class=\"close-btn\">&times;<\/button>\r\n        <img decoding=\"async\" src=\"https:\/\/colegionocedal.cl\/alumni\/wp-content\/uploads\/2024\/11\/generacion-2022-teleco-e1731078307649.jpeg\" alt=\"Generaci\u00f3n 20222\">\r\n    <\/div>\r\n<\/div>\r\n\r\n<a href=\"#\" class=\"btn btn-success open-popup\" data-popup=\"popup-20222\">\r\n    Telecomunicaciones 2022\r\n<\/a>\r\n\r\n<br><br>\r\n\r\n<!-- Popup para Generaci\u00f3n 2023 -->\r\n<div class=\"popup-overlay\" id=\"popup-2023\">\r\n    <div class=\"popup-content\">\r\n        <button class=\"close-btn\">&times;<\/button>\r\n        <img decoding=\"async\" src=\"https:\/\/colegionocedal.cl\/alumni\/wp-content\/uploads\/2024\/11\/generacion-2023-electro-e1731078330777.jpeg\" alt=\"Generaci\u00f3n 2023\">\r\n    <\/div>\r\n<\/div>\r\n\r\n<a href=\"#\" class=\"btn btn-success open-popup\" data-popup=\"popup-2023\">\r\n    Electr\u00f3nica 2023\r\n<\/a>\r\n\r\n<div class=\"popup-overlay\" id=\"popup-20232\">\r\n    <div class=\"popup-content\">\r\n        <button class=\"close-btn\">&times;<\/button>\r\n        <img decoding=\"async\" src=\"https:\/\/colegionocedal.cl\/alumni\/wp-content\/uploads\/2024\/11\/generacion-2023-teleco-e1731078355611.jpeg\" alt=\"Generaci\u00f3n 20232\">\r\n    <\/div>\r\n<\/div>\r\n\r\n<a href=\"#\" class=\"btn btn-success open-popup\" data-popup=\"popup-20232\">\r\n    Telecomunicaciones 2023\r\n<\/a>\r\n\r\n<br><br>\r\n\r\n<!-- Popup para Generaci\u00f3n 2024 -->\r\n<div class=\"popup-overlay\" id=\"popup-2024\">\r\n    <div class=\"popup-content\">\r\n        <button class=\"close-btn\">&times;<\/button>\r\n        <img decoding=\"async\" src=\"...\" alt=\"Generaci\u00f3n 2024\">\r\n    <\/div>\r\n<\/div>\r\n\r\n<a href=\"#\" class=\"btn btn-success open-popup\" data-popup=\"popup-2024\">\r\n    Electr\u00f3nica 2024\r\n<\/a>\r\n\r\n<div class=\"popup-overlay\" id=\"popup-20242\">\r\n    <div class=\"popup-content\">\r\n        <button class=\"close-btn\">&times;<\/button>\r\n        <img decoding=\"async\" src=\"...\" alt=\"Generaci\u00f3n 20242\">\r\n    <\/div>\r\n<\/div>\r\n\r\n<a href=\"#\" class=\"btn btn-success open-popup\" data-popup=\"popup-20242\">\r\n    Telecomunicaciones 2024\r\n<\/a>\r\n<\/div>\r\n\r\n<br><br>\r\n<\/body>\r\n<script>\r\n    \/\/ Mostrar el popup\r\n    document.querySelectorAll('.open-popup').forEach((button) => {\r\n        button.addEventListener('click', function (e) {\r\n            e.preventDefault();\r\n\r\n            \/\/ Obtener el ID del popup desde el atributo data-popup\r\n            const popupId = this.getAttribute('data-popup');\r\n            const popup = document.getElementById(popupId);\r\n\r\n            \/\/ Mostrar el popup correspondiente\r\n            if (popup) {\r\n                popup.style.display = 'flex';\r\n            }\r\n        });\r\n    });\r\n\r\n    \/\/ Cerrar el popup (cuando se hace clic en el bot\u00f3n de cerrar)\r\n    document.querySelectorAll('.popup-overlay').forEach((popup) => {\r\n        popup.addEventListener('click', function (e) {\r\n            \/\/ Si el clic fue fuera del contenido o en el bot\u00f3n cerrar\r\n            if (e.target === this || e.target.classList.contains('close-btn')) {\r\n                this.style.display = 'none';\r\n            }\r\n        });\r\n    });\r\n\r\n<\/script>\r\n<\/code>\r\n\r\n\r\n\t\t\t\t\r\n\t\t","protected":false},"excerpt":{"rendered":"&times; Electr\u00f3nica 2004 &times; Electr\u00f3nica 2005 &times; Electr\u00f3nica 2006 &times; Telecomunicaciones 2006 &times; Electr\u00f3nica 2007 &times; Telecomunicaciones 2007 &times; Electr\u00f3nica 2008 &times; Telecomunicaciones 2008 &times; Electr\u00f3nica 2009 &times; Telecomunicaciones 2009 &times; Electr\u00f3nica 2010 &times; Telecomunicaciones 2010 &times; Electr\u00f3nica 2011 &times; Telecomunicaciones 2011 &times; Electr\u00f3nica 2012 &times; Telecomunicaciones 2012 &times; Electr\u00f3nica 2013 &times; Telecomunicaciones 2013 &times; [&hellip;]","protected":false},"author":1,"featured_media":0,"parent":0,"menu_order":0,"comment_status":"closed","ping_status":"closed","template":"","meta":{"footnotes":""},"class_list":["post-1108","page","type-page","status-publish","hentry"],"_links":{"self":[{"href":"https:\/\/colegionocedal.cl\/alumni\/wp-json\/wp\/v2\/pages\/1108","targetHints":{"allow":["GET"]}}],"collection":[{"href":"https:\/\/colegionocedal.cl\/alumni\/wp-json\/wp\/v2\/pages"}],"about":[{"href":"https:\/\/colegionocedal.cl\/alumni\/wp-json\/wp\/v2\/types\/page"}],"author":[{"embeddable":true,"href":"https:\/\/colegionocedal.cl\/alumni\/wp-json\/wp\/v2\/users\/1"}],"replies":[{"embeddable":true,"href":"https:\/\/colegionocedal.cl\/alumni\/wp-json\/wp\/v2\/comments?post=1108"}],"version-history":[{"count":33,"href":"https:\/\/colegionocedal.cl\/alumni\/wp-json\/wp\/v2\/pages\/1108\/revisions"}],"predecessor-version":[{"id":1233,"href":"https:\/\/colegionocedal.cl\/alumni\/wp-json\/wp\/v2\/pages\/1108\/revisions\/1233"}],"wp:attachment":[{"href":"https:\/\/colegionocedal.cl\/alumni\/wp-json\/wp\/v2\/media?parent=1108"}],"curies":[{"name":"wp","href":"https:\/\/api.w.org\/{rel}","templated":true}]}}